{"id":1004,"date":"2020-10-09T13:39:05","date_gmt":"2020-10-09T16:39:05","guid":{"rendered":"http:\/\/shoptimizer.local\/?page_id=848"},"modified":"2025-07-07T17:31:23","modified_gmt":"2025-07-07T20:31:23","slug":"sobre","status":"publish","type":"page","link":"https:\/\/soeiromodels.com.br\/sm\/sobre\/","title":{"rendered":"Sobre"},"content":{"rendered":"\t\t<div data-elementor-type=\"wp-post\" data-elementor-id=\"1004\" class=\"elementor elementor-1004\">\n\t\t\t\t\t\t\t\t\t<section class=\"elementor-section elementor-top-section elementor-element elementor-element-3022885 lazy-background elementor-section-content-middle elementor-section-height-min-height elementor-section-boxed elementor-section-height-default elementor-section-items-middle\" data-id=\"3022885\" data-element_type=\"section\" data-settings=\"{&quot;background_background&quot;:&quot;classic&quot;}\">\n\t\t\t\t\t\t\t<div class=\"elementor-background-overlay\"><\/div>\n\t\t\t\t\t\t\t<div class=\"elementor-container elementor-column-gap-default\">\n\t\t\t\t\t<div class=\"elementor-column elementor-col-100 elementor-top-column elementor-element elementor-element-a8bb290\" data-id=\"a8bb290\" data-element_type=\"column\">\n\t\t\t<div class=\"elementor-widget-wrap elementor-element-populated\">\n\t\t\t\t\t\t\t\t<section class=\"elementor-section elementor-inner-section elementor-element elementor-element-5ba38f8 custom-elementor-grid elementor-section-boxed elementor-section-height-default elementor-section-height-default\" data-id=\"5ba38f8\" data-element_type=\"section\">\n\t\t\t\t\t\t<div class=\"elementor-container elementor-column-gap-default\">\n\t\t\t\t\t<div class=\"elementor-column elementor-col-50 elementor-inner-column elementor-element elementor-element-537e794\" data-id=\"537e794\" data-element_type=\"column\">\n\t\t\t<div class=\"elementor-widget-wrap elementor-element-populated\">\n\t\t\t\t\t\t\t\t<div class=\"elementor-element elementor-element-20a3d65 elementor-widget elementor-widget-heading\" data-id=\"20a3d65\" data-element_type=\"widget\" data-widget_type=\"heading.default\">\n\t\t\t\t<div class=\"elementor-widget-container\">\n\t\t\t<style>\/*! elementor - v3.17.0 - 25-10-2023 *\/\n.elementor-heading-title{padding:0;margin:0;line-height:1}.elementor-widget-heading .elementor-heading-title[class*=elementor-size-]>a{color:inherit;font-size:inherit;line-height:inherit}.elementor-widget-heading .elementor-heading-title.elementor-size-small{font-size:15px}.elementor-widget-heading .elementor-heading-title.elementor-size-medium{font-size:19px}.elementor-widget-heading .elementor-heading-title.elementor-size-large{font-size:29px}.elementor-widget-heading .elementor-heading-title.elementor-size-xl{font-size:39px}.elementor-widget-heading .elementor-heading-title.elementor-size-xxl{font-size:59px}<\/style><h1 class=\"elementor-heading-title elementor-size-default\">QUEM \u00e9 SOEIROMODELS<\/h1>\t\t<\/div>\n\t\t\t\t<\/div>\n\t\t\t\t<div class=\"elementor-element elementor-element-ef0e533 elementor-widget elementor-widget-heading\" data-id=\"ef0e533\" data-element_type=\"widget\" data-widget_type=\"heading.default\">\n\t\t\t\t<div class=\"elementor-widget-container\">\n\t\t\t<h2 class=\"elementor-heading-title elementor-size-default\">A SOEIRO MODELS nasceu do sonho do modelista Claudio Soeiro, um verdadeiro apaixonado por miniaturas que decidiu transformar sua arte em um neg\u00f3cio. \nH\u00e1 mais de 2 anos no mercado, a empresa vem conquistando clientes em todo o Brasil com um trabalho artesanal de alta qualidade e aten\u00e7\u00e3o aos detalhes.\n\nEspecializada na cria\u00e7\u00e3o de pe\u00e7as em 3D, a SOEIRO MODELS oferece servi\u00e7os completos de impress\u00e3o em resina, pintura personalizada e desenvolvimento de modelos exclusivos e diferenciados. Cada projeto \u00e9 feito com dedica\u00e7\u00e3o, buscando sempre representar fielmente o original ou atender aos pedidos personalizados de nossos clientes.\n\nCom um portf\u00f3lio que cresce a cada dia e uma base s\u00f3lida de clientes satisfeitos, a SOEIRO MODELS se orgulha de oferecer n\u00e3o apenas produtos, mas experi\u00eancias \u00fanicas para colecionadores, entusiastas e apaixonados por modelismo.<\/h2>\t\t<\/div>\n\t\t\t\t<\/div>\n\t\t\t\t<div class=\"elementor-element elementor-element-a2aaa8d elementor-button-danger elementor-widget elementor-widget-button\" data-id=\"a2aaa8d\" data-element_type=\"widget\" data-widget_type=\"button.default\">\n\t\t\t\t<div class=\"elementor-widget-container\">\n\t\t\t\t\t<div class=\"elementor-button-wrapper\">\n\t\t\t<a class=\"elementor-button elementor-button-link elementor-size-md elementor-animation-grow\" href=\"https:\/\/soeiromodels.com.br\/sm\/loja\/\">\n\t\t\t\t\t\t<span class=\"elementor-button-content-wrapper\">\n\t\t\t\t\t\t<span class=\"elementor-button-text\">CONHE\u00c7A OS PRODUTOS<\/span>\n\t\t<\/span>\n\t\t\t\t\t<\/a>\n\t\t<\/div>\n\t\t\t\t<\/div>\n\t\t\t\t<\/div>\n\t\t\t\t\t<\/div>\n\t\t<\/div>\n\t\t\t\t<div class=\"elementor-column elementor-col-50 elementor-inner-column elementor-element elementor-element-64624ad\" data-id=\"64624ad\" data-element_type=\"column\">\n\t\t\t<div class=\"elementor-widget-wrap elementor-element-populated\">\n\t\t\t\t\t\t\t\t<div class=\"elementor-element elementor-element-d8c1e22 skip-lazy elementor-widget elementor-widget-image\" data-id=\"d8c1e22\" data-element_type=\"widget\" data-widget_type=\"image.default\">\n\t\t\t\t<div class=\"elementor-widget-container\">\n\t\t\t<style>\/*! elementor - v3.17.0 - 25-10-2023 *\/\n.elementor-widget-image{text-align:center}.elementor-widget-image a{display:inline-block}.elementor-widget-image a img[src$=\".svg\"]{width:48px}.elementor-widget-image img{vertical-align:middle;display:inline-block}<\/style>\t\t\t\t\t\t\t\t\t\t\t\t<img loading=\"lazy\" decoding=\"async\" width=\"1024\" height=\"575\" src=\"https:\/\/soeiromodels.com.br\/sm\/wp-content\/uploads\/2024\/01\/WhatsApp-Image-2024-01-04-at-19.20.33-1024x575.jpeg\" class=\"attachment-large size-large wp-image-7321\" alt=\"\" srcset=\"https:\/\/soeiromodels.com.br\/sm\/wp-content\/uploads\/2024\/01\/WhatsApp-Image-2024-01-04-at-19.20.33-1024x575.jpeg 1024w, https:\/\/soeiromodels.com.br\/sm\/wp-content\/uploads\/2024\/01\/WhatsApp-Image-2024-01-04-at-19.20.33-300x169.jpeg 300w, https:\/\/soeiromodels.com.br\/sm\/wp-content\/uploads\/2024\/01\/WhatsApp-Image-2024-01-04-at-19.20.33-768x432.jpeg 768w, https:\/\/soeiromodels.com.br\/sm\/wp-content\/uploads\/2024\/01\/WhatsApp-Image-2024-01-04-at-19.20.33-1536x863.jpeg 1536w, https:\/\/soeiromodels.com.br\/sm\/wp-content\/uploads\/2024\/01\/WhatsApp-Image-2024-01-04-at-19.20.33-990x556.jpeg 990w, https:\/\/soeiromodels.com.br\/sm\/wp-content\/uploads\/2024\/01\/WhatsApp-Image-2024-01-04-at-19.20.33-441x248.jpeg 441w, https:\/\/soeiromodels.com.br\/sm\/wp-content\/uploads\/2024\/01\/WhatsApp-Image-2024-01-04-at-19.20.33-800x450.jpeg 800w, https:\/\/soeiromodels.com.br\/sm\/wp-content\/uploads\/2024\/01\/WhatsApp-Image-2024-01-04-at-19.20.33-150x84.jpeg 150w, https:\/\/soeiromodels.com.br\/sm\/wp-content\/uploads\/2024\/01\/WhatsApp-Image-2024-01-04-at-19.20.33.jpeg 1600w\" sizes=\"auto, (max-width: 360px) 147px, (max-width: 1024px) 100vw, 1024px\" \/>\t\t\t\t\t\t\t\t\t\t\t\t\t\t\t<\/div>\n\t\t\t\t<\/div>\n\t\t\t\t\t<\/div>\n\t\t<\/div>\n\t\t\t\t\t\t\t<\/div>\n\t\t<\/section>\n\t\t\t\t\t<\/div>\n\t\t<\/div>\n\t\t\t\t\t\t\t<\/div>\n\t\t<\/section>\n\t\t\t\t<section class=\"elementor-section elementor-top-section elementor-element elementor-element-983905d elementor-section-boxed elementor-section-height-default elementor-section-height-default\" data-id=\"983905d\" data-element_type=\"section\">\n\t\t\t\t\t\t<div class=\"elementor-container elementor-column-gap-wider\">\n\t\t\t\t\t<div class=\"elementor-column elementor-col-50 elementor-top-column elementor-element elementor-element-7310116 elementor-invisible\" data-id=\"7310116\" data-element_type=\"column\" data-settings=\"{&quot;animation&quot;:&quot;fadeIn&quot;}\">\n\t\t\t<div class=\"elementor-widget-wrap elementor-element-populated\">\n\t\t\t\t\t\t\t\t<div class=\"elementor-element elementor-element-3d3af9e7 title-left elementor-widget elementor-widget-heading\" data-id=\"3d3af9e7\" data-element_type=\"widget\" data-widget_type=\"heading.default\">\n\t\t\t\t<div class=\"elementor-widget-container\">\n\t\t\t<h2 class=\"elementor-heading-title elementor-size-default\">Pe\u00e7as diferenciadas em resina<\/h2>\t\t<\/div>\n\t\t\t\t<\/div>\n\t\t\t\t<div class=\"elementor-element elementor-element-e710402 elementor-widget elementor-widget-text-editor\" data-id=\"e710402\" data-element_type=\"widget\" data-widget_type=\"text-editor.default\">\n\t\t\t\t<div class=\"elementor-widget-container\">\n\t\t\t<style>\/*! elementor - v3.17.0 - 25-10-2023 *\/\n.elementor-widget-text-editor.elementor-drop-cap-view-stacked .elementor-drop-cap{background-color:#69727d;color:#fff}.elementor-widget-text-editor.elementor-drop-cap-view-framed .elementor-drop-cap{color:#69727d;border:3px solid;background-color:transparent}.elementor-widget-text-editor:not(.elementor-drop-cap-view-default) .elementor-drop-cap{margin-top:8px}.elementor-widget-text-editor:not(.elementor-drop-cap-view-default) .elementor-drop-cap-letter{width:1em;height:1em}.elementor-widget-text-editor .elementor-drop-cap{float:left;text-align:center;line-height:1;font-size:50px}.elementor-widget-text-editor .elementor-drop-cap-letter{display:inline-block}<\/style>\t\t\t\t<p>pe\u00e7as desenvolvidas e desenhadas para escala HO 1:87 pr\u00f3prias para o hobby<\/p>\t\t\t\t\t\t<\/div>\n\t\t\t\t<\/div>\n\t\t\t\t\t<\/div>\n\t\t<\/div>\n\t\t\t\t<div class=\"elementor-column elementor-col-50 elementor-top-column elementor-element elementor-element-34c609e elementor-invisible\" data-id=\"34c609e\" data-element_type=\"column\" data-settings=\"{&quot;animation&quot;:&quot;fadeIn&quot;,&quot;animation_delay&quot;:&quot;200&quot;}\">\n\t\t\t<div class=\"elementor-widget-wrap elementor-element-populated\">\n\t\t\t\t\t\t\t\t<div class=\"elementor-element elementor-element-c04a566 animated-fast elementor-invisible elementor-widget elementor-widget-image\" data-id=\"c04a566\" data-element_type=\"widget\" data-settings=\"{&quot;_animation&quot;:&quot;fadeIn&quot;}\" data-widget_type=\"image.default\">\n\t\t\t\t<div class=\"elementor-widget-container\">\n\t\t\t\t\t\t\t\t\t\t\t\t\t\t\t<img loading=\"lazy\" decoding=\"async\" width=\"1024\" height=\"1024\" src=\"https:\/\/soeiromodels.com.br\/sm\/wp-content\/uploads\/2024\/01\/WhatsApp-Image-2024-01-04-at-20.57.36-1024x1024.jpeg\" class=\"attachment-large size-large wp-image-7358\" alt=\"\" srcset=\"https:\/\/soeiromodels.com.br\/sm\/wp-content\/uploads\/2024\/01\/WhatsApp-Image-2024-01-04-at-20.57.36-1024x1024.jpeg 1024w, https:\/\/soeiromodels.com.br\/sm\/wp-content\/uploads\/2024\/01\/WhatsApp-Image-2024-01-04-at-20.57.36-300x300.jpeg 300w, https:\/\/soeiromodels.com.br\/sm\/wp-content\/uploads\/2024\/01\/WhatsApp-Image-2024-01-04-at-20.57.36-150x150.jpeg 150w, https:\/\/soeiromodels.com.br\/sm\/wp-content\/uploads\/2024\/01\/WhatsApp-Image-2024-01-04-at-20.57.36-768x768.jpeg 768w, https:\/\/soeiromodels.com.br\/sm\/wp-content\/uploads\/2024\/01\/WhatsApp-Image-2024-01-04-at-20.57.36-990x990.jpeg 990w, https:\/\/soeiromodels.com.br\/sm\/wp-content\/uploads\/2024\/01\/WhatsApp-Image-2024-01-04-at-20.57.36-441x441.jpeg 441w, https:\/\/soeiromodels.com.br\/sm\/wp-content\/uploads\/2024\/01\/WhatsApp-Image-2024-01-04-at-20.57.36-100x100.jpeg 100w, https:\/\/soeiromodels.com.br\/sm\/wp-content\/uploads\/2024\/01\/WhatsApp-Image-2024-01-04-at-20.57.36-800x800.jpeg 800w, https:\/\/soeiromodels.com.br\/sm\/wp-content\/uploads\/2024\/01\/WhatsApp-Image-2024-01-04-at-20.57.36.jpeg 1496w\" sizes=\"auto, (max-width: 360px) 147px, (max-width: 1024px) 100vw, 1024px\" \/>\t\t\t\t\t\t\t\t\t\t\t\t\t\t\t<\/div>\n\t\t\t\t<\/div>\n\t\t\t\t\t<\/div>\n\t\t<\/div>\n\t\t\t\t\t\t\t<\/div>\n\t\t<\/section>\n\t\t\t\t<section class=\"elementor-section elementor-top-section elementor-element elementor-element-bb36c6f elementor-section-boxed elementor-section-height-default elementor-section-height-default\" data-id=\"bb36c6f\" data-element_type=\"section\">\n\t\t\t\t\t\t<div class=\"elementor-container elementor-column-gap-wider\">\n\t\t\t\t\t<div class=\"elementor-column elementor-col-50 elementor-top-column elementor-element elementor-element-2880450 elementor-invisible\" data-id=\"2880450\" data-element_type=\"column\" data-settings=\"{&quot;animation&quot;:&quot;fadeIn&quot;}\">\n\t\t\t<div class=\"elementor-widget-wrap elementor-element-populated\">\n\t\t\t\t\t\t\t\t<div class=\"elementor-element elementor-element-db9c3d4 animated-fast elementor-invisible elementor-widget elementor-widget-image\" data-id=\"db9c3d4\" data-element_type=\"widget\" data-settings=\"{&quot;_animation&quot;:&quot;fadeIn&quot;}\" data-widget_type=\"image.default\">\n\t\t\t\t<div class=\"elementor-widget-container\">\n\t\t\t\t\t\t\t\t\t\t\t\t\t\t\t<img loading=\"lazy\" decoding=\"async\" width=\"1024\" height=\"1024\" src=\"https:\/\/soeiromodels.com.br\/sm\/wp-content\/uploads\/2024\/01\/WhatsApp-Image-2024-01-04-at-20.57.36-1-1024x1024.jpeg\" class=\"attachment-large size-large wp-image-7357\" alt=\"\" srcset=\"https:\/\/soeiromodels.com.br\/sm\/wp-content\/uploads\/2024\/01\/WhatsApp-Image-2024-01-04-at-20.57.36-1-1024x1024.jpeg 1024w, https:\/\/soeiromodels.com.br\/sm\/wp-content\/uploads\/2024\/01\/WhatsApp-Image-2024-01-04-at-20.57.36-1-300x300.jpeg 300w, https:\/\/soeiromodels.com.br\/sm\/wp-content\/uploads\/2024\/01\/WhatsApp-Image-2024-01-04-at-20.57.36-1-150x150.jpeg 150w, https:\/\/soeiromodels.com.br\/sm\/wp-content\/uploads\/2024\/01\/WhatsApp-Image-2024-01-04-at-20.57.36-1-768x768.jpeg 768w, https:\/\/soeiromodels.com.br\/sm\/wp-content\/uploads\/2024\/01\/WhatsApp-Image-2024-01-04-at-20.57.36-1-1536x1536.jpeg 1536w, https:\/\/soeiromodels.com.br\/sm\/wp-content\/uploads\/2024\/01\/WhatsApp-Image-2024-01-04-at-20.57.36-1-990x990.jpeg 990w, https:\/\/soeiromodels.com.br\/sm\/wp-content\/uploads\/2024\/01\/WhatsApp-Image-2024-01-04-at-20.57.36-1-441x441.jpeg 441w, https:\/\/soeiromodels.com.br\/sm\/wp-content\/uploads\/2024\/01\/WhatsApp-Image-2024-01-04-at-20.57.36-1-100x100.jpeg 100w, https:\/\/soeiromodels.com.br\/sm\/wp-content\/uploads\/2024\/01\/WhatsApp-Image-2024-01-04-at-20.57.36-1-800x800.jpeg 800w, https:\/\/soeiromodels.com.br\/sm\/wp-content\/uploads\/2024\/01\/WhatsApp-Image-2024-01-04-at-20.57.36-1.jpeg 1600w\" sizes=\"auto, (max-width: 360px) 147px, (max-width: 1024px) 100vw, 1024px\" \/>\t\t\t\t\t\t\t\t\t\t\t\t\t\t\t<\/div>\n\t\t\t\t<\/div>\n\t\t\t\t\t<\/div>\n\t\t<\/div>\n\t\t\t\t<div class=\"elementor-column elementor-col-50 elementor-top-column elementor-element elementor-element-7899afa elementor-invisible\" data-id=\"7899afa\" data-element_type=\"column\" data-settings=\"{&quot;animation&quot;:&quot;fadeIn&quot;,&quot;animation_delay&quot;:&quot;200&quot;}\">\n\t\t\t<div class=\"elementor-widget-wrap elementor-element-populated\">\n\t\t\t\t\t\t\t\t<div class=\"elementor-element elementor-element-af7dfd6 title-right elementor-widget elementor-widget-heading\" data-id=\"af7dfd6\" data-element_type=\"widget\" data-widget_type=\"heading.default\">\n\t\t\t\t<div class=\"elementor-widget-container\">\n\t\t\t<h2 class=\"elementor-heading-title elementor-size-default\">Produtos prontos e acabados<\/h2>\t\t<\/div>\n\t\t\t\t<\/div>\n\t\t\t\t<div class=\"elementor-element elementor-element-04da751 elementor-widget elementor-widget-text-editor\" data-id=\"04da751\" data-element_type=\"widget\" data-widget_type=\"text-editor.default\">\n\t\t\t\t<div class=\"elementor-widget-container\">\n\t\t\t\t\t\t\t<p>produtos prontos para utiliza\u00e7\u00e3o, s\u00f3 abrir a embalagem e incluir em seu diorama ou maquete<\/p>\t\t\t\t\t\t<\/div>\n\t\t\t\t<\/div>\n\t\t\t\t\t<\/div>\n\t\t<\/div>\n\t\t\t\t\t\t\t<\/div>\n\t\t<\/section>\n\t\t\t\t<section class=\"elementor-section elementor-top-section elementor-element elementor-element-338b57d elementor-section-boxed elementor-section-height-default elementor-section-height-default\" data-id=\"338b57d\" data-element_type=\"section\">\n\t\t\t\t\t\t<div class=\"elementor-container elementor-column-gap-wider\">\n\t\t\t\t\t<div class=\"elementor-column elementor-col-50 elementor-top-column elementor-element elementor-element-e30bac7 elementor-invisible\" data-id=\"e30bac7\" data-element_type=\"column\" data-settings=\"{&quot;animation&quot;:&quot;fadeIn&quot;}\">\n\t\t\t<div class=\"elementor-widget-wrap elementor-element-populated\">\n\t\t\t\t\t\t\t\t<div class=\"elementor-element elementor-element-f97861c title-left elementor-widget elementor-widget-heading\" data-id=\"f97861c\" data-element_type=\"widget\" data-widget_type=\"heading.default\">\n\t\t\t\t<div class=\"elementor-widget-container\">\n\t\t\t<h2 class=\"elementor-heading-title elementor-size-default\">Acess\u00f3rios<\/h2>\t\t<\/div>\n\t\t\t\t<\/div>\n\t\t\t\t<div class=\"elementor-element elementor-element-740daea elementor-widget elementor-widget-text-editor\" data-id=\"740daea\" data-element_type=\"widget\" data-widget_type=\"text-editor.default\">\n\t\t\t\t<div class=\"elementor-widget-container\">\n\t\t\t\t\t\t\t<p>diversos acess\u00f3rios para incrementar maquetes e dioramas que fazem parte do dia a dia das ferrovias, galp\u00f5es e industrias.<\/p>\t\t\t\t\t\t<\/div>\n\t\t\t\t<\/div>\n\t\t\t\t\t<\/div>\n\t\t<\/div>\n\t\t\t\t<div class=\"elementor-column elementor-col-50 elementor-top-column elementor-element elementor-element-4938926 elementor-invisible\" data-id=\"4938926\" data-element_type=\"column\" data-settings=\"{&quot;animation&quot;:&quot;fadeIn&quot;,&quot;animation_delay&quot;:&quot;200&quot;}\">\n\t\t\t<div class=\"elementor-widget-wrap elementor-element-populated\">\n\t\t\t\t\t\t\t\t<div class=\"elementor-element elementor-element-af85d13 animated-fast elementor-invisible elementor-widget elementor-widget-image\" data-id=\"af85d13\" data-element_type=\"widget\" data-settings=\"{&quot;_animation&quot;:&quot;fadeIn&quot;}\" data-widget_type=\"image.default\">\n\t\t\t\t<div class=\"elementor-widget-container\">\n\t\t\t\t\t\t\t\t\t\t\t\t\t\t\t<img loading=\"lazy\" decoding=\"async\" width=\"1024\" height=\"1024\" src=\"https:\/\/soeiromodels.com.br\/sm\/wp-content\/uploads\/2024\/01\/WhatsApp-Image-2024-01-04-at-20.57.37-1024x1024.jpeg\" class=\"attachment-large size-large wp-image-7360\" alt=\"\" srcset=\"https:\/\/soeiromodels.com.br\/sm\/wp-content\/uploads\/2024\/01\/WhatsApp-Image-2024-01-04-at-20.57.37-1024x1024.jpeg 1024w, https:\/\/soeiromodels.com.br\/sm\/wp-content\/uploads\/2024\/01\/WhatsApp-Image-2024-01-04-at-20.57.37-300x300.jpeg 300w, https:\/\/soeiromodels.com.br\/sm\/wp-content\/uploads\/2024\/01\/WhatsApp-Image-2024-01-04-at-20.57.37-150x150.jpeg 150w, https:\/\/soeiromodels.com.br\/sm\/wp-content\/uploads\/2024\/01\/WhatsApp-Image-2024-01-04-at-20.57.37-768x768.jpeg 768w, https:\/\/soeiromodels.com.br\/sm\/wp-content\/uploads\/2024\/01\/WhatsApp-Image-2024-01-04-at-20.57.37-990x990.jpeg 990w, https:\/\/soeiromodels.com.br\/sm\/wp-content\/uploads\/2024\/01\/WhatsApp-Image-2024-01-04-at-20.57.37-441x441.jpeg 441w, https:\/\/soeiromodels.com.br\/sm\/wp-content\/uploads\/2024\/01\/WhatsApp-Image-2024-01-04-at-20.57.37-100x100.jpeg 100w, https:\/\/soeiromodels.com.br\/sm\/wp-content\/uploads\/2024\/01\/WhatsApp-Image-2024-01-04-at-20.57.37-800x800.jpeg 800w, https:\/\/soeiromodels.com.br\/sm\/wp-content\/uploads\/2024\/01\/WhatsApp-Image-2024-01-04-at-20.57.37.jpeg 1496w\" sizes=\"auto, (max-width: 360px) 147px, (max-width: 1024px) 100vw, 1024px\" \/>\t\t\t\t\t\t\t\t\t\t\t\t\t\t\t<\/div>\n\t\t\t\t<\/div>\n\t\t\t\t\t<\/div>\n\t\t<\/div>\n\t\t\t\t\t\t\t<\/div>\n\t\t<\/section>\n\t\t\t\t\t\t\t<\/div>\n\t\t","protected":false},"excerpt":{"rendered":"<p>QUEM \u00e9 SOEIROMODELS A SOEIRO MODELS nasceu do sonho do modelista Claudio Soeiro, um verdadeiro apaixonado por miniaturas que decidiu transformar sua arte em um neg\u00f3cio. H\u00e1 mais de 2 anos no mercado, a empresa vem conquistando clientes em todo o Brasil com um trabalho artesanal de alta qualidade e aten\u00e7\u00e3o aos detalhes. Especializada na [&hellip;]<\/p>\n","protected":false},"author":1,"featured_media":0,"parent":0,"menu_order":3,"comment_status":"closed","ping_status":"closed","template":"template-fullwidth-no-heading.php","meta":{"footnotes":""},"class_list":["post-1004","page","type-page","status-publish","hentry"],"_links":{"self":[{"href":"https:\/\/soeiromodels.com.br\/sm\/wp-json\/wp\/v2\/pages\/1004","targetHints":{"allow":["GET"]}}],"collection":[{"href":"https:\/\/soeiromodels.com.br\/sm\/wp-json\/wp\/v2\/pages"}],"about":[{"href":"https:\/\/soeiromodels.com.br\/sm\/wp-json\/wp\/v2\/types\/page"}],"author":[{"embeddable":true,"href":"https:\/\/soeiromodels.com.br\/sm\/wp-json\/wp\/v2\/users\/1"}],"replies":[{"embeddable":true,"href":"https:\/\/soeiromodels.com.br\/sm\/wp-json\/wp\/v2\/comments?post=1004"}],"version-history":[{"count":23,"href":"https:\/\/soeiromodels.com.br\/sm\/wp-json\/wp\/v2\/pages\/1004\/revisions"}],"predecessor-version":[{"id":7685,"href":"https:\/\/soeiromodels.com.br\/sm\/wp-json\/wp\/v2\/pages\/1004\/revisions\/7685"}],"wp:attachment":[{"href":"https:\/\/soeiromodels.com.br\/sm\/wp-json\/wp\/v2\/media?parent=1004"}],"curies":[{"name":"wp","href":"https:\/\/api.w.org\/{rel}","templated":true}]}}