{"id":7303,"date":"2023-11-01T13:11:47","date_gmt":"2023-11-01T16:11:47","guid":{"rendered":"https:\/\/soeiromodels.com.br\/sm\/?post_type=product&#038;p=7303"},"modified":"2025-03-21T12:29:52","modified_gmt":"2025-03-21T15:29:52","slug":"empilhadeira-ho","status":"publish","type":"product","link":"https:\/\/soeiromodels.com.br\/sm\/produto\/empilhadeira-ho\/","title":{"rendered":"Empilhadeira \u2022 escala HO 1:87 \u2022 SM 001"},"content":{"rendered":"<p>Empilhadeira escala HO (1:87) impressa em resina 3D de alta qualidade. J\u00e1 vem pintada e est\u00e1 pronta para aplica\u00e7\u00e3o em maquetes, dioramas ou para colecionadores. N\u00e3o possui processo de envelhecimento (weathering).<\/p>\n<p>Para garantir a durabilidade de suas pe\u00e7as impressas em 3D, \u00e9 importante seguir alguns cuidados simples. Mantenha-as longe de fontes de calor excessivo, pois altas temperaturas podem deformar o material. Evite quedas e impactos, que podem causar rachaduras ou quebras nas pe\u00e7as. Al\u00e9m disso, evite fazer furos ou perfura\u00e7\u00f5es nas pe\u00e7as, pois isso pode comprometer sua integridade estrutural. Com esses cuidados, suas impress\u00f5es 3D permanecer\u00e3o em \u00f3timo estado por muito mais tempo!<\/p>\n<p>As pe\u00e7as impressas pela <strong>SoeiroModels<\/strong> <strong>n\u00e3o s\u00e3o brinquedos e recomendamos o uso por pessoas acima de 14 anos.<\/strong><\/p>\n","protected":false},"excerpt":{"rendered":"<p>Empilhadeira escala HO (1:87) impressa em resina 3D de alta qualidade. J\u00e1 vem pintada e est\u00e1 pronta para aplica\u00e7\u00e3o em maquetes, dioramas ou para colecionadores. N\u00e3o possui processo de envelhecimento (weathering). Para garantir a durabilidade de suas pe\u00e7as impressas em 3D, \u00e9 importante seguir alguns cuidados simples. Mantenha-as longe de fontes de calor excessivo, pois [&hellip;]<\/p>\n","protected":false},"featured_media":7304,"comment_status":"closed","ping_status":"closed","template":"","meta":[],"product_cat":[65],"product_tag":[142,144,80,83,77,143],"class_list":["post-7303","product","type-product","status-publish","has-post-thumbnail","hentry","product_cat-veiculos","product_tag-carga-pesada","product_tag-construcao","product_tag-escala-ho","product_tag-ferromodelismo","product_tag-soeiromodels","product_tag-veiculo-industrial"],"_links":{"self":[{"href":"https:\/\/soeiromodels.com.br\/sm\/wp-json\/wp\/v2\/product\/7303","targetHints":{"allow":["GET"]}}],"collection":[{"href":"https:\/\/soeiromodels.com.br\/sm\/wp-json\/wp\/v2\/product"}],"about":[{"href":"https:\/\/soeiromodels.com.br\/sm\/wp-json\/wp\/v2\/types\/product"}],"replies":[{"embeddable":true,"href":"https:\/\/soeiromodels.com.br\/sm\/wp-json\/wp\/v2\/comments?post=7303"}],"wp:featuredmedia":[{"embeddable":true,"href":"https:\/\/soeiromodels.com.br\/sm\/wp-json\/wp\/v2\/media\/7304"}],"wp:attachment":[{"href":"https:\/\/soeiromodels.com.br\/sm\/wp-json\/wp\/v2\/media?parent=7303"}],"wp:term":[{"taxonomy":"product_cat","embeddable":true,"href":"https:\/\/soeiromodels.com.br\/sm\/wp-json\/wp\/v2\/product_cat?post=7303"},{"taxonomy":"product_tag","embeddable":true,"href":"https:\/\/soeiromodels.com.br\/sm\/wp-json\/wp\/v2\/product_tag?post=7303"}],"curies":[{"name":"wp","href":"https:\/\/api.w.org\/{rel}","templated":true}]}}