{"id":7513,"date":"2024-05-23T01:20:06","date_gmt":"2024-05-23T04:20:06","guid":{"rendered":"https:\/\/soeiromodels.com.br\/sm\/?post_type=product&#038;p=7513"},"modified":"2025-03-20T17:03:24","modified_gmt":"2025-03-20T20:03:24","slug":"monumento-estatua-praca-sao-jorge-ogum","status":"publish","type":"product","link":"https:\/\/soeiromodels.com.br\/sm\/produto\/monumento-estatua-praca-sao-jorge-ogum\/","title":{"rendered":"Est\u00e1tua Pra\u00e7a S\u00e3o Jorge\/Ogum \u2022 escala HO 1:87 \u2022 SM 026"},"content":{"rendered":"<p>Produto impresso em resina 3D de alta qualidade e pintura acr\u00edlica. Pode ser utilizada como monumento ou est\u00e1tua para uma pra\u00e7a, parque ou qualquer outra \u00e1rea da sua maquete. Alus\u00e3o a S\u00e3o Jorge ou Ogum, compat\u00edvel com a escala HO (1:87).<\/p>\r\n<!-- \/wp:post-content -->\r\n\r\n<!-- wp:paragraph -->\r\n<p><strong>Este produto n\u00e3o \u00e9 um brinquedo, sendo destinado \u00e0 pessoas com mais de 14\u00a0 anos.<\/strong><\/p>","protected":false},"excerpt":{"rendered":"<p>Produto impresso em resina 3D de alta qualidade e pintura acr\u00edlica. Pode ser utilizada como monumento ou est\u00e1tua para uma pra\u00e7a, parque ou qualquer outra \u00e1rea da sua maquete. Alus\u00e3o a S\u00e3o Jorge ou Ogum, compat\u00edvel com a escala HO (1:87). Este produto n\u00e3o \u00e9 um brinquedo, sendo destinado \u00e0 pessoas com mais de 14\u00a0 [&hellip;]<\/p>\n","protected":false},"featured_media":7519,"comment_status":"closed","ping_status":"closed","template":"","meta":[],"product_cat":[53],"product_tag":[132,80,134,83,136,131,133,135,77],"class_list":["post-7513","product","type-product","status-publish","has-post-thumbnail","hentry","product_cat-figuras_humanas","product_tag-decoracao","product_tag-escala-ho","product_tag-estatua","product_tag-ferromodelismo","product_tag-ogum","product_tag-ornamento","product_tag-praca","product_tag-sao-jorge","product_tag-soeiromodels"],"_links":{"self":[{"href":"https:\/\/soeiromodels.com.br\/sm\/wp-json\/wp\/v2\/product\/7513","targetHints":{"allow":["GET"]}}],"collection":[{"href":"https:\/\/soeiromodels.com.br\/sm\/wp-json\/wp\/v2\/product"}],"about":[{"href":"https:\/\/soeiromodels.com.br\/sm\/wp-json\/wp\/v2\/types\/product"}],"replies":[{"embeddable":true,"href":"https:\/\/soeiromodels.com.br\/sm\/wp-json\/wp\/v2\/comments?post=7513"}],"wp:featuredmedia":[{"embeddable":true,"href":"https:\/\/soeiromodels.com.br\/sm\/wp-json\/wp\/v2\/media\/7519"}],"wp:attachment":[{"href":"https:\/\/soeiromodels.com.br\/sm\/wp-json\/wp\/v2\/media?parent=7513"}],"wp:term":[{"taxonomy":"product_cat","embeddable":true,"href":"https:\/\/soeiromodels.com.br\/sm\/wp-json\/wp\/v2\/product_cat?post=7513"},{"taxonomy":"product_tag","embeddable":true,"href":"https:\/\/soeiromodels.com.br\/sm\/wp-json\/wp\/v2\/product_tag?post=7513"}],"curies":[{"name":"wp","href":"https:\/\/api.w.org\/{rel}","templated":true}]}}