{"id":7522,"date":"2024-05-23T01:24:51","date_gmt":"2024-05-23T04:24:51","guid":{"rendered":"https:\/\/soeiromodels.com.br\/sm\/?post_type=product&#038;p=7522"},"modified":"2025-03-20T16:57:24","modified_gmt":"2025-03-20T19:57:24","slug":"bob-cat-ho-187","status":"publish","type":"product","link":"https:\/\/soeiromodels.com.br\/sm\/produto\/bob-cat-ho-187\/","title":{"rendered":"BOB CAT \u2022 escala HO 1:87 \u2022 SM 029"},"content":{"rendered":"<p>BOBCAT em escala HO (1:87) impresso em resina 3D de alta qualidade com pintura acr\u00edlica. Ideal para decorar sua maquete ou diorama. Rodas fixas. <strong>Este produto n\u00e3o \u00e9 um brinquedo, destina-se para decora\u00e7\u00e3o de maquetes e dioramas.<\/strong><\/p>\r\n<!-- \/wp:post-content -->\r\n\r\n<!-- wp:paragraph -->\r\n<p><strong>Produto destinado \u00e0 colecionadores com mais de 14\u00a0 anos.<\/strong><\/p>","protected":false},"excerpt":{"rendered":"<p>BOBCAT em escala HO (1:87) impresso em resina 3D de alta qualidade com pintura acr\u00edlica. Ideal para decorar sua maquete ou diorama. Rodas fixas. Este produto n\u00e3o \u00e9 um brinquedo, destina-se para decora\u00e7\u00e3o de maquetes e dioramas. Produto destinado \u00e0 colecionadores com mais de 14\u00a0 anos.<\/p>\n","protected":false},"featured_media":7523,"comment_status":"closed","ping_status":"closed","template":"","meta":[],"product_cat":[65],"product_tag":[130,128,80,83,129,77],"class_list":["post-7522","product","type-product","status-publish","has-post-thumbnail","hentry","product_cat-veiculos","product_tag-carga","product_tag-construcao-civil","product_tag-escala-ho","product_tag-ferromodelismo","product_tag-minicarregadeira","product_tag-soeiromodels"],"_links":{"self":[{"href":"https:\/\/soeiromodels.com.br\/sm\/wp-json\/wp\/v2\/product\/7522","targetHints":{"allow":["GET"]}}],"collection":[{"href":"https:\/\/soeiromodels.com.br\/sm\/wp-json\/wp\/v2\/product"}],"about":[{"href":"https:\/\/soeiromodels.com.br\/sm\/wp-json\/wp\/v2\/types\/product"}],"replies":[{"embeddable":true,"href":"https:\/\/soeiromodels.com.br\/sm\/wp-json\/wp\/v2\/comments?post=7522"}],"wp:featuredmedia":[{"embeddable":true,"href":"https:\/\/soeiromodels.com.br\/sm\/wp-json\/wp\/v2\/media\/7523"}],"wp:attachment":[{"href":"https:\/\/soeiromodels.com.br\/sm\/wp-json\/wp\/v2\/media?parent=7522"}],"wp:term":[{"taxonomy":"product_cat","embeddable":true,"href":"https:\/\/soeiromodels.com.br\/sm\/wp-json\/wp\/v2\/product_cat?post=7522"},{"taxonomy":"product_tag","embeddable":true,"href":"https:\/\/soeiromodels.com.br\/sm\/wp-json\/wp\/v2\/product_tag?post=7522"}],"curies":[{"name":"wp","href":"https:\/\/api.w.org\/{rel}","templated":true}]}}