{"id":7529,"date":"2024-05-23T23:26:57","date_gmt":"2024-05-24T02:26:57","guid":{"rendered":"https:\/\/soeiromodels.com.br\/sm\/?post_type=product&#038;p=7529"},"modified":"2025-03-20T16:52:06","modified_gmt":"2025-03-20T19:52:06","slug":"relogio-de-paranapiacaba-em-escala-ho-187","status":"publish","type":"product","link":"https:\/\/soeiromodels.com.br\/sm\/produto\/relogio-de-paranapiacaba-em-escala-ho-187\/","title":{"rendered":"Rel\u00f3gio de PARANAPIACABA \u2022 escala HO 1:87 \u2022 SM 019"},"content":{"rendered":"<p>R\u00e9plica decorativa do rel\u00f3gio de Paranapiacaba, impresso em resina 3D na escala HO. Item pronto para ser inserido na maquete ou diorama. Levemente envelhecido e sem ilumina\u00e7\u00e3o.\u00a0<\/p>\r\n<p><strong>Este produto n\u00e3o \u00e9 um brinquedo, destina-se apenas para decora\u00e7\u00e3o de maquetes e dioramas.<\/strong><\/p>\r\n<!-- \/wp:post-content -->\r\n\r\n<!-- wp:paragraph -->\r\n<p><strong>Produto destinado \u00e0 pessoas com mais de 14\u00a0 anos.<\/strong><\/p>","protected":false},"excerpt":{"rendered":"<p>R\u00e9plica decorativa do rel\u00f3gio de Paranapiacaba, impresso em resina 3D na escala HO. Item pronto para ser inserido na maquete ou diorama. Levemente envelhecido e sem ilumina\u00e7\u00e3o.\u00a0 Este produto n\u00e3o \u00e9 um brinquedo, destina-se apenas para decora\u00e7\u00e3o de maquetes e dioramas. Produto destinado \u00e0 pessoas com mais de 14\u00a0 anos.<\/p>\n","protected":false},"featured_media":7530,"comment_status":"closed","ping_status":"closed","template":"","meta":[],"product_cat":[75],"product_tag":[80,83,119,122,123,121,77,120],"class_list":["post-7529","product","type-product","status-publish","has-post-thumbnail","hentry","product_cat-construcoes","product_tag-escala-ho","product_tag-ferromodelismo","product_tag-paranapiacaba","product_tag-relogio","product_tag-replica","product_tag-santo-andre","product_tag-soeiromodels","product_tag-turismo"],"_links":{"self":[{"href":"https:\/\/soeiromodels.com.br\/sm\/wp-json\/wp\/v2\/product\/7529","targetHints":{"allow":["GET"]}}],"collection":[{"href":"https:\/\/soeiromodels.com.br\/sm\/wp-json\/wp\/v2\/product"}],"about":[{"href":"https:\/\/soeiromodels.com.br\/sm\/wp-json\/wp\/v2\/types\/product"}],"replies":[{"embeddable":true,"href":"https:\/\/soeiromodels.com.br\/sm\/wp-json\/wp\/v2\/comments?post=7529"}],"wp:featuredmedia":[{"embeddable":true,"href":"https:\/\/soeiromodels.com.br\/sm\/wp-json\/wp\/v2\/media\/7530"}],"wp:attachment":[{"href":"https:\/\/soeiromodels.com.br\/sm\/wp-json\/wp\/v2\/media?parent=7529"}],"wp:term":[{"taxonomy":"product_cat","embeddable":true,"href":"https:\/\/soeiromodels.com.br\/sm\/wp-json\/wp\/v2\/product_cat?post=7529"},{"taxonomy":"product_tag","embeddable":true,"href":"https:\/\/soeiromodels.com.br\/sm\/wp-json\/wp\/v2\/product_tag?post=7529"}],"curies":[{"name":"wp","href":"https:\/\/api.w.org\/{rel}","templated":true}]}}