{"id":7534,"date":"2024-05-25T00:55:44","date_gmt":"2024-05-25T03:55:44","guid":{"rendered":"https:\/\/soeiromodels.com.br\/sm\/?post_type=product&#038;p=7534"},"modified":"2025-03-20T16:50:27","modified_gmt":"2025-03-20T19:50:27","slug":"carro-torpedo-ho-187","status":"publish","type":"product","link":"https:\/\/soeiromodels.com.br\/sm\/produto\/carro-torpedo-ho-187\/","title":{"rendered":"Vag\u00e3o Torpedo \u2022 escala HO 1:87 \u2022 SM 024"},"content":{"rendered":"<p>Vag\u00e3o torpedo na escala HO (1:87), com truck triplo, rodeiros met\u00e1licos tamanho 36&#8243;, engates tipo Kadee, pega m\u00e3o e escadas em lat\u00e3o. Modelo vem pintado e envelhecido.<\/p>\n<p><strong>Curiosidade sobre os vag\u00f5es torpedo:\u00a0<\/strong>Um <strong>vag\u00e3o torpedo<\/strong> \u00e9 um tipo de vag\u00e3o ferrovi\u00e1rio especialmente projetado para o transporte de ferro gusa l\u00edquido (tamb\u00e9m chamado de gusa l\u00edquido) entre a usina sider\u00fargica e outras \u00e1reas de processamento. Seu design lembra um torpedo, da\u00ed o nome. Ele \u00e9 constru\u00eddo com um revestimento interno de material refrat\u00e1rio capaz de suportar as alt\u00edssimas temperaturas do ferro fundido l\u00edquido, que podem chegar a mais de 1.300\u00b0C.<\/p>\n<p>O formato cil\u00edndrico horizontal do vag\u00e3o permite que o ferro fundido seja mantido em constante movimento, evitando sua solidifica\u00e7\u00e3o antes de chegar ao destino. Esse tipo de vag\u00e3o \u00e9 vital no processo sider\u00fargico, pois permite o transporte eficiente e seguro de grandes volumes de metal fundido.<\/p>\n<p>Al\u00e9m disso, o vag\u00e3o torpedo \u00e9 equipado com sistemas de basculamento para facilitar a descarga do ferro l\u00edquido nos fornos de a\u00e7o ou em outros processos de fabrica\u00e7\u00e3o de a\u00e7o.<\/p>\n<p>________________________________________________________________________<\/p>\n<p>Os produtos da <strong>SoeiroModels<\/strong>, ap\u00f3s a fase de pintura, passam por um processo de <strong>envelhecimento (weathering)<\/strong> feito <strong>manualmente<\/strong> e com toques <strong>art\u00edsticos<\/strong>. Esse trabalho minucioso e artesanal garante que cada pe\u00e7a seja \u00fanica, podendo apresentar varia\u00e7\u00f5es de <strong>tons<\/strong>, <strong>texturas<\/strong> e <strong>marcas<\/strong>. Essas diferen\u00e7as n\u00e3o s\u00e3o defeitos, mas sim parte do car\u00e1ter exclusivo de cada modelo, resultando em pe\u00e7as com apar\u00eancia realista e aut\u00eantica, como se tivessem enfrentado as intemp\u00e9ries e o desgaste natural do tempo.<\/p>\n<p>Para garantir a durabilidade de suas pe\u00e7as impressas em 3D, \u00e9 importante seguir alguns cuidados simples. Mantenha-as longe de fontes de calor excessivo, pois altas temperaturas podem deformar o material. Evite quedas e impactos, que podem causar rachaduras ou quebras nas pe\u00e7as. Al\u00e9m disso, evite fazer furos ou perfura\u00e7\u00f5es nas pe\u00e7as, pois isso pode comprometer sua integridade estrutural. Com esses cuidados, suas impress\u00f5es 3D permanecer\u00e3o em \u00f3timo estado por muito mais tempo!<\/p>\n<p>As pe\u00e7as impressas pela <strong>SoeiroModels<\/strong> s\u00e3o feitas com resina 3D de alta qualidade e precis\u00e3o, respeitando a escala. J\u00e1 v\u00eam pintadas e est\u00e3o prontas para aplica\u00e7\u00e3o em maquetes, dioramas ou para colecionadores. <strong>N\u00e3o s\u00e3o brinquedos e recomendamos o uso por pessoas acima de 14 anos.<\/strong><\/p>\n","protected":false},"excerpt":{"rendered":"<p>Vag\u00e3o torpedo na escala HO (1:87), com truck triplo, rodeiros met\u00e1licos tamanho 36&#8243;, engates tipo Kadee, pega m\u00e3o e escadas em lat\u00e3o. Modelo vem pintado e envelhecido. Curiosidade sobre os vag\u00f5es torpedo:\u00a0Um vag\u00e3o torpedo \u00e9 um tipo de vag\u00e3o ferrovi\u00e1rio especialmente projetado para o transporte de ferro gusa l\u00edquido (tamb\u00e9m chamado de gusa l\u00edquido) entre [&hellip;]<\/p>\n","protected":false},"featured_media":7645,"comment_status":"closed","ping_status":"closed","template":"","meta":[],"product_cat":[65],"product_tag":[118,80,112,83,114,113,116,77,117,115],"class_list":["post-7534","product","type-product","status-publish","has-post-thumbnail","hentry","product_cat-veiculos","product_tag-aco","product_tag-escala-ho","product_tag-ferro","product_tag-ferromodelismo","product_tag-ferrovia","product_tag-gusa","product_tag-siderurgica","product_tag-soeiromodels","product_tag-torpedo","product_tag-usina"],"_links":{"self":[{"href":"https:\/\/soeiromodels.com.br\/sm\/wp-json\/wp\/v2\/product\/7534","targetHints":{"allow":["GET"]}}],"collection":[{"href":"https:\/\/soeiromodels.com.br\/sm\/wp-json\/wp\/v2\/product"}],"about":[{"href":"https:\/\/soeiromodels.com.br\/sm\/wp-json\/wp\/v2\/types\/product"}],"replies":[{"embeddable":true,"href":"https:\/\/soeiromodels.com.br\/sm\/wp-json\/wp\/v2\/comments?post=7534"}],"wp:featuredmedia":[{"embeddable":true,"href":"https:\/\/soeiromodels.com.br\/sm\/wp-json\/wp\/v2\/media\/7645"}],"wp:attachment":[{"href":"https:\/\/soeiromodels.com.br\/sm\/wp-json\/wp\/v2\/media?parent=7534"}],"wp:term":[{"taxonomy":"product_cat","embeddable":true,"href":"https:\/\/soeiromodels.com.br\/sm\/wp-json\/wp\/v2\/product_cat?post=7534"},{"taxonomy":"product_tag","embeddable":true,"href":"https:\/\/soeiromodels.com.br\/sm\/wp-json\/wp\/v2\/product_tag?post=7534"}],"curies":[{"name":"wp","href":"https:\/\/api.w.org\/{rel}","templated":true}]}}