{"id":7543,"date":"2024-05-25T01:09:41","date_gmt":"2024-05-25T04:09:41","guid":{"rendered":"https:\/\/soeiromodels.com.br\/sm\/?post_type=product&#038;p=7543"},"modified":"2025-03-20T16:47:35","modified_gmt":"2025-03-20T19:47:35","slug":"sacaria-farelo-de-soja-cargil-ho-187","status":"publish","type":"product","link":"https:\/\/soeiromodels.com.br\/sm\/produto\/sacaria-farelo-de-soja-cargil-ho-187\/","title":{"rendered":"Sacaria Farelo de Soja CARGIL \u2022 escala HO 1:87 \u2022 SM 023"},"content":{"rendered":"<p>SACARIA SOEIROMODELS: a embalagem cont\u00e9m 02 pallets + 02 sacarias empilhadas com aplica\u00e7\u00e3o de decalque do farelo de soja Cargil.\u00a0\u00a0<\/p>\r\n<!-- \/wp:post-content -->\r\n\r\n<!-- wp:paragraph \/-->\r\n\r\n<!-- wp:paragraph -->\r\n<p style=\"text-align: justify;\">Os produtos da <strong>SoeiroModels<\/strong>, ap\u00f3s a fase de pintura, passam por um processo de <strong>envelhecimento (weathering)<\/strong> feito <strong>manualmente<\/strong> e com toques <strong>art\u00edsticos<\/strong>. Esse trabalho minucioso e artesanal garante que cada pe\u00e7a seja \u00fanica, podendo apresentar varia\u00e7\u00f5es de <strong>tons<\/strong>, <strong>texturas<\/strong> e <strong>marcas<\/strong>. Essas diferen\u00e7as n\u00e3o s\u00e3o defeitos, mas sim parte do car\u00e1ter exclusivo de cada modelo, resultando em pe\u00e7as com apar\u00eancia realista e aut\u00eantica, como se tivessem enfrentado as intemp\u00e9ries e o desgaste natural do tempo.<\/p>\r\n<p style=\"text-align: justify;\">Para garantir a durabilidade de suas pe\u00e7as impressas em 3D, \u00e9 importante seguir alguns cuidados simples. Mantenha-as longe de fontes de calor excessivo, pois altas temperaturas podem deformar o material. Evite quedas e impactos, que podem causar rachaduras ou quebras nas pe\u00e7as. Al\u00e9m disso, evite fazer furos ou perfura\u00e7\u00f5es nas pe\u00e7as, pois isso pode comprometer sua integridade estrutural. Com esses cuidados, suas impress\u00f5es 3D permanecer\u00e3o em \u00f3timo estado por muito mais tempo!<\/p>\r\n<p style=\"text-align: justify;\">As pe\u00e7as impressas pela <strong>SoeiroModels<\/strong> s\u00e3o feitas com resina 3D de alta qualidade e precis\u00e3o, respeitando a escala. J\u00e1 v\u00eam pintadas e est\u00e3o prontas para aplica\u00e7\u00e3o em maquetes, dioramas ou para colecionadores. <strong>N\u00e3o s\u00e3o brinquedos e recomendamos o uso por pessoas acima de 14 anos.<\/strong><\/p>","protected":false},"excerpt":{"rendered":"<p>SACARIA SOEIROMODELS: a embalagem cont\u00e9m 02 pallets + 02 sacarias empilhadas com aplica\u00e7\u00e3o de decalque do farelo de soja Cargil.\u00a0\u00a0 Os produtos da SoeiroModels, ap\u00f3s a fase de pintura, passam por um processo de envelhecimento (weathering) feito manualmente e com toques art\u00edsticos. Esse trabalho minucioso e artesanal garante que cada pe\u00e7a seja \u00fanica, podendo apresentar [&hellip;]<\/p>\n","protected":false},"featured_media":7540,"comment_status":"closed","ping_status":"closed","template":"","meta":[],"product_cat":[52],"product_tag":[80,83,93,78,77,111],"class_list":["post-7543","product","type-product","status-publish","has-post-thumbnail","hentry","product_cat-cargas_modelismo_ferromodelismo","product_tag-escala-ho","product_tag-ferromodelismo","product_tag-pallets","product_tag-sacaria","product_tag-soeiromodels","product_tag-soja"],"_links":{"self":[{"href":"https:\/\/soeiromodels.com.br\/sm\/wp-json\/wp\/v2\/product\/7543","targetHints":{"allow":["GET"]}}],"collection":[{"href":"https:\/\/soeiromodels.com.br\/sm\/wp-json\/wp\/v2\/product"}],"about":[{"href":"https:\/\/soeiromodels.com.br\/sm\/wp-json\/wp\/v2\/types\/product"}],"replies":[{"embeddable":true,"href":"https:\/\/soeiromodels.com.br\/sm\/wp-json\/wp\/v2\/comments?post=7543"}],"wp:featuredmedia":[{"embeddable":true,"href":"https:\/\/soeiromodels.com.br\/sm\/wp-json\/wp\/v2\/media\/7540"}],"wp:attachment":[{"href":"https:\/\/soeiromodels.com.br\/sm\/wp-json\/wp\/v2\/media?parent=7543"}],"wp:term":[{"taxonomy":"product_cat","embeddable":true,"href":"https:\/\/soeiromodels.com.br\/sm\/wp-json\/wp\/v2\/product_cat?post=7543"},{"taxonomy":"product_tag","embeddable":true,"href":"https:\/\/soeiromodels.com.br\/sm\/wp-json\/wp\/v2\/product_tag?post=7543"}],"curies":[{"name":"wp","href":"https:\/\/api.w.org\/{rel}","templated":true}]}}