{"id":7557,"date":"2024-06-11T19:41:58","date_gmt":"2024-06-11T22:41:58","guid":{"rendered":"http:\/\/soeiromodels.com.br\/sm\/?post_type=product&#038;p=7557"},"modified":"2025-04-10T14:41:33","modified_gmt":"2025-04-10T17:41:33","slug":"auto-draft-copia","status":"publish","type":"product","link":"https:\/\/soeiromodels.com.br\/sm\/produto\/auto-draft-copia\/","title":{"rendered":"Container iBC 1000 litros \u2022 escala HO 1:87 \u2022 SM 030"},"content":{"rendered":"<p>O container iBC SoeiroModels vem pintado e pronto para aplica\u00e7\u00e3o, podendo ser utilizado em carga de vag\u00f5es, caminh\u00f5es, caminhonetes, esta\u00e7\u00f5es, empresas ou p\u00e1tios, em maquetes e dioramas. A embalagem cont\u00e9m 2 unidades.<\/p>\n<p>Eles s\u00e3o altamente vers\u00e1teis e adapt\u00e1veis, sendo usados em v\u00e1rias ind\u00fastrias para otimizar a log\u00edstica e o armazenamento de produtos.<\/p>\n<p>Curiosidades sobre os containers iBC:<\/p>\n<p>O <strong>container IBC<\/strong> (Intermediate Bulk Container) \u00e9 um tipo de recipiente utilizado principalmente para armazenar e transportar l\u00edquidos e materiais a granel de forma eficiente. Ele \u00e9 amplamente empregado em diversos setores industriais, como o qu\u00edmico, aliment\u00edcio, farmac\u00eautico e agr\u00edcola.<\/p>\n<p>Aqui est\u00e3o algumas das fun\u00e7\u00f5es principais do container IBC:<\/p>\n<ol>\n<li><strong>Armazenamento de l\u00edquidos e produtos a granel<\/strong>: S\u00e3o usados para armazenar grandes volumes de l\u00edquidos, como produtos qu\u00edmicos, \u00e1gua, \u00f3leos, tintas e alimentos l\u00edquidos (mel, sucos, etc.).<\/li>\n<li><strong>Transporte eficiente<\/strong>: Seu design compacto e empilh\u00e1vel facilita o transporte de grandes quantidades de material, maximizando o uso do espa\u00e7o em caminh\u00f5es e containers.<\/li>\n<li><strong>Reutiliz\u00e1vel<\/strong>: A maioria dos containers IBC pode ser reutilizada, tornando-os uma op\u00e7\u00e3o sustent\u00e1vel para o transporte de produtos.<\/li>\n<li><strong>Resist\u00eancia e durabilidade<\/strong>: Eles s\u00e3o feitos de materiais resistentes, como pl\u00e1stico ou a\u00e7o, que garantem prote\u00e7\u00e3o contra vazamentos e contamina\u00e7\u00f5es.<\/li>\n<li><strong>Facilidade de manuseio<\/strong>: Com v\u00e1lvulas de drenagem e tampas de f\u00e1cil acesso, s\u00e3o simples de encher e esvaziar, otimizando o processo log\u00edstico.<\/li>\n<\/ol>\n<p>&nbsp;<\/p>\n<p>_____________________________________________________________________________________________<\/p>\n<p>Os produtos da <strong>SoeiroModels<\/strong>, ap\u00f3s a fase de pintura, passam por um processo de <strong>envelhecimento (weathering)<\/strong> feito <strong>manualmente<\/strong> e com toques <strong>art\u00edsticos<\/strong>. Esse trabalho minucioso e artesanal garante que cada pe\u00e7a seja \u00fanica, podendo apresentar varia\u00e7\u00f5es de <strong>tons<\/strong>, <strong>texturas<\/strong> e <strong>marcas<\/strong>. Essas diferen\u00e7as n\u00e3o s\u00e3o defeitos, mas sim parte do car\u00e1ter exclusivo de cada modelo, resultando em pe\u00e7as com apar\u00eancia realista e aut\u00eantica, como se tivessem enfrentado as intemp\u00e9ries e o desgaste natural do tempo.<\/p>\n<p>Para garantir a durabilidade de suas pe\u00e7as impressas em 3D, \u00e9 importante seguir alguns cuidados simples. Mantenha-as longe de fontes de calor excessivo, pois altas temperaturas podem deformar o material. Evite quedas e impactos, que podem causar rachaduras ou quebras nas pe\u00e7as. Al\u00e9m disso, evite fazer furos ou perfura\u00e7\u00f5es nas pe\u00e7as, pois isso pode comprometer sua integridade estrutural. Com esses cuidados, suas impress\u00f5es 3D permanecer\u00e3o em \u00f3timo estado por muito mais tempo!<\/p>\n<p>As pe\u00e7as impressas pela <strong>SoeiroModels<\/strong> s\u00e3o feitas com resina 3D de alta qualidade e precis\u00e3o, respeitando a escala. J\u00e1 v\u00eam pintadas e est\u00e3o prontas para aplica\u00e7\u00e3o em maquetes, dioramas ou para colecionadores. <strong>N\u00e3o s\u00e3o brinquedos e recomendamos o uso por pessoas acima de 14 anos.<\/strong><\/p>\n","protected":false},"excerpt":{"rendered":"<p>O container iBC SoeiroModels vem pintado e pronto para aplica\u00e7\u00e3o, podendo ser utilizado em carga de vag\u00f5es, caminh\u00f5es, caminhonetes, esta\u00e7\u00f5es, empresas ou p\u00e1tios, em maquetes e dioramas. A embalagem cont\u00e9m 2 unidades. Eles s\u00e3o altamente vers\u00e1teis e adapt\u00e1veis, sendo usados em v\u00e1rias ind\u00fastrias para otimizar a log\u00edstica e o armazenamento de produtos. Curiosidades sobre os [&hellip;]<\/p>\n","protected":false},"featured_media":7628,"comment_status":"closed","ping_status":"closed","template":"","meta":[],"product_cat":[52],"product_tag":[101,100,80,83,102,77],"class_list":["post-7557","product","type-product","status-publish","has-post-thumbnail","hentry","product_cat-cargas_modelismo_ferromodelismo","product_tag-armazenamento-liquido","product_tag-conteiner","product_tag-escala-ho","product_tag-ferromodelismo","product_tag-industria","product_tag-soeiromodels"],"_links":{"self":[{"href":"https:\/\/soeiromodels.com.br\/sm\/wp-json\/wp\/v2\/product\/7557","targetHints":{"allow":["GET"]}}],"collection":[{"href":"https:\/\/soeiromodels.com.br\/sm\/wp-json\/wp\/v2\/product"}],"about":[{"href":"https:\/\/soeiromodels.com.br\/sm\/wp-json\/wp\/v2\/types\/product"}],"replies":[{"embeddable":true,"href":"https:\/\/soeiromodels.com.br\/sm\/wp-json\/wp\/v2\/comments?post=7557"}],"wp:featuredmedia":[{"embeddable":true,"href":"https:\/\/soeiromodels.com.br\/sm\/wp-json\/wp\/v2\/media\/7628"}],"wp:attachment":[{"href":"https:\/\/soeiromodels.com.br\/sm\/wp-json\/wp\/v2\/media?parent=7557"}],"wp:term":[{"taxonomy":"product_cat","embeddable":true,"href":"https:\/\/soeiromodels.com.br\/sm\/wp-json\/wp\/v2\/product_cat?post=7557"},{"taxonomy":"product_tag","embeddable":true,"href":"https:\/\/soeiromodels.com.br\/sm\/wp-json\/wp\/v2\/product_tag?post=7557"}],"curies":[{"name":"wp","href":"https:\/\/api.w.org\/{rel}","templated":true}]}}