{"id":7658,"date":"2025-03-20T12:23:58","date_gmt":"2025-03-20T15:23:58","guid":{"rendered":"https:\/\/soeiromodels.com.br\/sm\/?post_type=product&#038;p=7658"},"modified":"2025-04-10T15:07:34","modified_gmt":"2025-04-10T18:07:34","slug":"bucyrus-erie-mrs-%c2%b7-sm-036","status":"publish","type":"product","link":"https:\/\/soeiromodels.com.br\/sm\/produto\/bucyrus-erie-mrs-%c2%b7-sm-036\/","title":{"rendered":"Bucyrus-Erie MRS \u2022 escala HO 1:87 \u2022 SM 036"},"content":{"rendered":"<p>Bucyrus-Erie modelo similar ao 22B,\u00a0 impresso em resina 3D de alta qualidade na escala HO (1:87). O produto \u00e9 produzido com pintura da MRS e um leve toque de envelhecimento.<\/p>\n<p>Fundada em 1880, a norte-americana Bucyrus-Erie Co. (a partir de 2010 sob controle da Caterpillar) \u00e9 um dos maiores e mais antigos fabricantes de escavadeiras sobre esteiras do mundo.<\/p>\n<p style=\"text-align: justify;\">Os produtos da <strong>SoeiroModels<\/strong>, ap\u00f3s a fase de pintura, passam por um processo de <strong>envelhecimento (weathering)<\/strong> feito <strong>manualmente<\/strong> e com toques <strong>art\u00edsticos<\/strong>. Esse trabalho minucioso e artesanal garante que cada pe\u00e7a seja \u00fanica, podendo apresentar varia\u00e7\u00f5es de <strong>tons<\/strong>, <strong>texturas<\/strong> e <strong>marcas<\/strong>. Essas diferen\u00e7as n\u00e3o s\u00e3o defeitos, mas sim parte do car\u00e1ter exclusivo de cada modelo, resultando em pe\u00e7as com apar\u00eancia realista e aut\u00eantica, como se tivessem enfrentado as intemp\u00e9ries e o desgaste natural do tempo.<\/p>\n<p style=\"text-align: justify;\">Para garantir a durabilidade de suas pe\u00e7as impressas em 3D, \u00e9 importante seguir alguns cuidados simples. Mantenha-as longe de fontes de calor excessivo, pois altas temperaturas podem deformar o material. Evite quedas e impactos, que podem causar rachaduras ou quebras nas pe\u00e7as. Al\u00e9m disso, evite fazer furos ou perfura\u00e7\u00f5es nas pe\u00e7as, pois isso pode comprometer sua integridade estrutural. Com esses cuidados, suas impress\u00f5es 3D permanecer\u00e3o em \u00f3timo estado por muito mais tempo!<\/p>\n<p style=\"text-align: justify;\">As pe\u00e7as impressas pela <strong>SoeiroModels<\/strong> s\u00e3o feitas com resina 3D de alta qualidade e precis\u00e3o, respeitando a escala. J\u00e1 v\u00eam pintadas e est\u00e3o prontas para aplica\u00e7\u00e3o em maquetes, dioramas ou para colecionadores. <strong>N\u00e3o s\u00e3o brinquedos e recomendamos o uso por pessoas acima de 14 anos.<\/strong><\/p>\n","protected":false},"excerpt":{"rendered":"<p>Bucyrus-Erie modelo similar ao 22B,\u00a0 impresso em resina 3D de alta qualidade na escala HO (1:87). O produto \u00e9 produzido com pintura da MRS e um leve toque de envelhecimento. Fundada em 1880, a norte-americana Bucyrus-Erie Co. (a partir de 2010 sob controle da Caterpillar) \u00e9 um dos maiores e mais antigos fabricantes de escavadeiras [&hellip;]<\/p>\n","protected":false},"featured_media":7661,"comment_status":"closed","ping_status":"closed","template":"","meta":[],"product_cat":[65],"product_tag":[80,145,146,83,147,77],"class_list":["post-7658","product","type-product","status-publish","has-post-thumbnail","hentry","product_cat-veiculos","product_tag-escala-ho","product_tag-escavadeira","product_tag-esteira","product_tag-ferromodelismo","product_tag-mrs","product_tag-soeiromodels"],"_links":{"self":[{"href":"https:\/\/soeiromodels.com.br\/sm\/wp-json\/wp\/v2\/product\/7658","targetHints":{"allow":["GET"]}}],"collection":[{"href":"https:\/\/soeiromodels.com.br\/sm\/wp-json\/wp\/v2\/product"}],"about":[{"href":"https:\/\/soeiromodels.com.br\/sm\/wp-json\/wp\/v2\/types\/product"}],"replies":[{"embeddable":true,"href":"https:\/\/soeiromodels.com.br\/sm\/wp-json\/wp\/v2\/comments?post=7658"}],"wp:featuredmedia":[{"embeddable":true,"href":"https:\/\/soeiromodels.com.br\/sm\/wp-json\/wp\/v2\/media\/7661"}],"wp:attachment":[{"href":"https:\/\/soeiromodels.com.br\/sm\/wp-json\/wp\/v2\/media?parent=7658"}],"wp:term":[{"taxonomy":"product_cat","embeddable":true,"href":"https:\/\/soeiromodels.com.br\/sm\/wp-json\/wp\/v2\/product_cat?post=7658"},{"taxonomy":"product_tag","embeddable":true,"href":"https:\/\/soeiromodels.com.br\/sm\/wp-json\/wp\/v2\/product_tag?post=7658"}],"curies":[{"name":"wp","href":"https:\/\/api.w.org\/{rel}","templated":true}]}}