{"id":7703,"date":"2025-07-28T16:00:48","date_gmt":"2025-07-28T19:00:48","guid":{"rendered":"https:\/\/soeiromodels.com.br\/sm\/?post_type=product&#038;p=7703"},"modified":"2025-07-28T16:34:00","modified_gmt":"2025-07-28T19:34:00","slug":"fonte-de-agua-com-torneiras-pequena-%c2%b7-escala-ho-187-%c2%b7-sm-043","status":"publish","type":"product","link":"https:\/\/soeiromodels.com.br\/sm\/produto\/fonte-de-agua-com-torneiras-pequena-%c2%b7-escala-ho-187-%c2%b7-sm-043\/","title":{"rendered":"Fonte de \u00c1gua com Torneiras &#8211; pequena \u00b7 escala HO 1:87 \u00b7 SM 043"},"content":{"rendered":"<p style=\"text-align: justify;\">Fonte de \u00e1gua com torneiras decorativas, impressa em resina 3D em tamanho pequeno. A embalagem cont\u00e9m 1 unidade.<\/p>\n<p style=\"text-align: justify;\">________________________________________________________________<\/p>\n<p style=\"text-align: justify;\">Para garantir a durabilidade de suas pe\u00e7as impressas em 3D, \u00e9 importante seguir alguns cuidados simples. Mantenha-as longe de fontes de calor excessivo, pois altas temperaturas podem deformar o material. Evite quedas e impactos, que podem causar rachaduras ou quebras nas pe\u00e7as. Al\u00e9m disso, evite fazer furos ou perfura\u00e7\u00f5es nas pe\u00e7as, pois isso pode comprometer sua integridade estrutural. Com esses cuidados, suas impress\u00f5es 3D permanecer\u00e3o em \u00f3timo estado por muito mais tempo!<\/p>\n<p style=\"text-align: justify;\">As pe\u00e7as impressas pela <strong>SoeiroModels<\/strong> s\u00e3o feitas com resina 3D de alta qualidade e precis\u00e3o, respeitando a escala. J\u00e1 v\u00eam pintadas e est\u00e3o prontas para aplica\u00e7\u00e3o em maquetes, dioramas ou para colecionadores. <strong>N\u00e3o s\u00e3o brinquedos e recomendamos o uso por pessoas acima de 14 anos.<\/strong><\/p>\n","protected":false},"excerpt":{"rendered":"<p>Fonte de \u00e1gua com torneiras decorativas, impressa em resina 3D em tamanho pequeno. A embalagem cont\u00e9m 1 unidade. ________________________________________________________________ Para garantir a durabilidade de suas pe\u00e7as impressas em 3D, \u00e9 importante seguir alguns cuidados simples. Mantenha-as longe de fontes de calor excessivo, pois altas temperaturas podem deformar o material. Evite quedas e impactos, que podem [&hellip;]<\/p>\n","protected":false},"featured_media":7691,"comment_status":"closed","ping_status":"closed","template":"","meta":[],"product_cat":[90],"product_tag":[152,162,132,80,83,161,160,163,77,164],"class_list":["post-7703","product","type-product","status-publish","has-post-thumbnail","hentry","product_cat-acessorios","product_tag-acessorios","product_tag-agua","product_tag-decoracao","product_tag-escala-ho","product_tag-ferromodelismo","product_tag-fonte","product_tag-jardim","product_tag-natureza","product_tag-soeiromodels","product_tag-torneira"],"_links":{"self":[{"href":"https:\/\/soeiromodels.com.br\/sm\/wp-json\/wp\/v2\/product\/7703","targetHints":{"allow":["GET"]}}],"collection":[{"href":"https:\/\/soeiromodels.com.br\/sm\/wp-json\/wp\/v2\/product"}],"about":[{"href":"https:\/\/soeiromodels.com.br\/sm\/wp-json\/wp\/v2\/types\/product"}],"replies":[{"embeddable":true,"href":"https:\/\/soeiromodels.com.br\/sm\/wp-json\/wp\/v2\/comments?post=7703"}],"wp:featuredmedia":[{"embeddable":true,"href":"https:\/\/soeiromodels.com.br\/sm\/wp-json\/wp\/v2\/media\/7691"}],"wp:attachment":[{"href":"https:\/\/soeiromodels.com.br\/sm\/wp-json\/wp\/v2\/media?parent=7703"}],"wp:term":[{"taxonomy":"product_cat","embeddable":true,"href":"https:\/\/soeiromodels.com.br\/sm\/wp-json\/wp\/v2\/product_cat?post=7703"},{"taxonomy":"product_tag","embeddable":true,"href":"https:\/\/soeiromodels.com.br\/sm\/wp-json\/wp\/v2\/product_tag?post=7703"}],"curies":[{"name":"wp","href":"https:\/\/api.w.org\/{rel}","templated":true}]}}